{"id":48,"date":"2019-04-18T11:07:31","date_gmt":"2019-04-18T11:07:31","guid":{"rendered":"https:\/\/envothemes.com\/envo-ecommerce\/my-account\/"},"modified":"2022-01-11T21:00:54","modified_gmt":"2022-01-11T18:00:54","slug":"my-account","status":"publish","type":"page","link":"https:\/\/aydoks.com\/?page_id=48","title":{"rendered":"Hesab\u0131m"},"content":{"rendered":"\t\t<div data-elementor-type=\"wp-page\" data-elementor-id=\"48\" class=\"elementor elementor-48\">\n\t\t\t\t\t\t<section class=\"elementor-section elementor-top-section elementor-element elementor-element-32811ae3 elementor-section-boxed elementor-section-height-default elementor-section-height-default\" data-id=\"32811ae3\" data-element_type=\"section\" data-e-type=\"section\">\n\t\t\t\t\t\t<div class=\"elementor-container elementor-column-gap-default\">\n\t\t\t\t\t<div class=\"elementor-column elementor-col-100 elementor-top-column elementor-element elementor-element-2b99b67a\" data-id=\"2b99b67a\" data-element_type=\"column\" data-e-type=\"column\">\n\t\t\t<div class=\"elementor-widget-wrap elementor-element-populated\">\n\t\t\t\t\t\t<div class=\"elementor-element elementor-element-6945fae5 elementor-widget elementor-widget-text-editor\" data-id=\"6945fae5\" data-element_type=\"widget\" data-e-type=\"widget\" data-widget_type=\"text-editor.default\">\n\t\t\t\t<div class=\"elementor-widget-container\">\n\t\t\t\t\t\t\t\t\t<p><span style=\"vertical-align: inherit;\"><span style=\"vertical-align: inherit;\"><span style=\"vertical-align: inherit;\"><span style=\"vertical-align: inherit;\"><\/p>\n<div class=\"woocommerce\">\n<div class=\"woocommerce-notices-wrapper\"><\/div>\n<div class=\"xoo-el-form-container xoo-el-form-inline\" data-active=\"login\">\n<div class=\"xoo-el-header\">\n<ul class=\"xoo-el-tabs\">\n<li data-tab=\"login\" class=\"xoo-el-login-tgr\" style=\"order: 0 \">Giri\u015f Yap<\/li>\n<li data-tab=\"register\" class=\"xoo-el-reg-tgr\" style=\"order: 1\">Kay\u0131t Ol<\/li>\n<\/ul>\n<\/div>\n<div data-section=\"login\" class=\"xoo-el-section\">\n<div class=\"xoo-el-fields\">\n<div class=\"xoo-el-notice\"><\/div>\n<form class=\"xoo-el-action-form xoo-el-form-login\">\n<div class=\"xoo-el-fields-cont\">\n<div class=\"xoo-aff-group xoo-aff-cont-text one xoo-aff-cont-required xoo-el-username_cont\">\n<div class=\"xoo-aff-input-group\"><span class=\"xoo-aff-input-icon fas fa-user-plus\"><\/span><input type=\"text\" class=\"xoo-aff-required xoo-aff-text xoo-aff-field\" name=\"xoo-el-username\" placeholder=\"Username \/ Email\"  value=\"\" required=\"\t\" autocomplete=\"username\"\/><\/div>\n<\/div>\n<div class=\"xoo-aff-group xoo-aff-cont-password one xoo-aff-cont-required xoo-el-password_cont\">\n<div class=\"xoo-aff-input-group\"><span class=\"xoo-aff-input-icon fas fa-key\"><\/span><input type=\"password\" class=\"xoo-aff-required xoo-aff-password xoo-aff-field\" name=\"xoo-el-password\" placeholder=\"Password\"  value=\"\" required=\"\t\" autocomplete=\"current-password\"\/><\/p>\n<div class=\"xoo-aff-pw-toggle\">\n\t\t\t\t\t<span class=\"xoo-aff-pwtog-show\"><i class=\"far fa-eye\"><\/i><\/span><br \/>\n\t\t\t\t\t<span class=\"xoo-aff-pwtog-hide\"><i class=\"far fa-eye-slash\"><\/i><\/span>\n\t\t\t\t\t<\/div>\n<\/div>\n<\/div>\n<\/div>\n<div class=\"xoo-aff-group xoo-el-login-btm-fields\">\n\t<label class=\"xoo-el-form-label\"><br \/>\n\t\t<input type=\"checkbox\" name=\"xoo-el-rememberme\" value=\"forever\" \/><br \/>\n\t\t<span>Remember me<\/span><br \/>\n\t<\/label><br \/>\n\t<a class=\"xoo-el-lostpw-tgr\" rel=\"nofollow\" href=\"#\">Forgot Password?<\/a>\n<\/div>\n<p><input type=\"hidden\" name=\"_xoo_el_form\" value=\"login\"><\/p>\n<p><button type=\"submit\" class=\"button btn xoo-el-action-btn xoo-el-login-btn\" >Sign in<\/button><\/p>\n<p><input type=\"hidden\" name=\"xoo_el_redirect\" value=\"\/index.php?rest_route=%2Fwp%2Fv2%2Fpages%2F48\"><\/p><\/form>\n<\/p><\/div>\n<\/p><\/div>\n<div data-section=\"register\" class=\"xoo-el-section\">\n<div class=\"xoo-el-fields\">\n<div class=\"xoo-el-notice\"><\/div>\n<form class=\"xoo-el-action-form xoo-el-form-register\">\n<div class=\"xoo-el-fields-cont\">\n<div class=\"xoo-aff-group xoo-aff-cont-email one xoo-aff-cont-required xoo_el_reg_email_cont\">\n<div class=\"xoo-aff-input-group\"><span class=\"xoo-aff-input-icon fas fa-at\"><\/span><input type=\"email\" class=\"xoo-aff-required xoo-aff-email xoo-aff-field\" name=\"xoo_el_reg_email\" placeholder=\"Email\"  value=\"\" required=\"\t\" autocomplete=\"email\"\/><\/div>\n<\/div>\n<div class=\"xoo-aff-group xoo-aff-cont-text onehalf xoo-aff-cont-required xoo_el_reg_fname_cont\">\n<div class=\"xoo-aff-input-group\"><span class=\"xoo-aff-input-icon far fa-user\"><\/span><input type=\"text\" class=\"xoo-aff-required xoo-aff-text xoo-aff-field\" name=\"xoo_el_reg_fname\" placeholder=\"First Name\"  value=\"\" required=\"\t\"\/><\/div>\n<\/div>\n<div class=\"xoo-aff-group xoo-aff-cont-text onehalf xoo-aff-cont-required xoo_el_reg_lname_cont\">\n<div class=\"xoo-aff-input-group\"><span class=\"xoo-aff-input-icon far fa-user\"><\/span><input type=\"text\" class=\"xoo-aff-required xoo-aff-text xoo-aff-field\" name=\"xoo_el_reg_lname\" placeholder=\"Last Name\"  value=\"\" required=\"\t\"\/><\/div>\n<\/div>\n<div class=\"xoo-aff-group xoo-aff-cont-password one xoo-aff-cont-required xoo_el_reg_pass_cont\">\n<div class=\"xoo-aff-input-group\"><span class=\"xoo-aff-input-icon fas fa-key\"><\/span><input type=\"password\" class=\"xoo-aff-required xoo-aff-password xoo-aff-field\" name=\"xoo_el_reg_pass\" placeholder=\"Password\"  value=\"\" maxlength=\"20\" minlength=\"6\" required=\"\t\" autocomplete=\"new-password\"\/><\/p>\n<div class=\"xoo-aff-pw-toggle\">\n\t\t\t\t\t<span class=\"xoo-aff-pwtog-show\"><i class=\"far fa-eye\"><\/i><\/span><br \/>\n\t\t\t\t\t<span class=\"xoo-aff-pwtog-hide\"><i class=\"far fa-eye-slash\"><\/i><\/span>\n\t\t\t\t\t<\/div>\n<\/div>\n<\/div>\n<div class=\"xoo-aff-group xoo-aff-cont-password one xoo-aff-cont-required xoo_el_reg_pass_again_cont\">\n<div class=\"xoo-aff-input-group\"><span class=\"xoo-aff-input-icon fas fa-key\"><\/span><input type=\"password\" class=\"xoo-aff-required xoo-aff-password xoo-aff-field\" name=\"xoo_el_reg_pass_again\" placeholder=\"Confirm Password\"  value=\"\" required=\"\t\" autocomplete=\"new-password\"\/><\/p>\n<div class=\"xoo-aff-pw-toggle\">\n\t\t\t\t\t<span class=\"xoo-aff-pwtog-show\"><i class=\"far fa-eye\"><\/i><\/span><br \/>\n\t\t\t\t\t<span class=\"xoo-aff-pwtog-hide\"><i class=\"far fa-eye-slash\"><\/i><\/span>\n\t\t\t\t\t<\/div>\n<\/div>\n<\/div>\n<div class=\"xoo-aff-group xoo-aff-cont-checkbox_single one xoo-aff-cont-required xoo_el_reg_terms_cont\">\n<div class=\"xoo-aff-required xoo-aff-checkbox_single xoo-aff-field\"><label><input type=\"checkbox\" name=\"xoo_el_reg_terms\" class=\"xoo-aff-required xoo-aff-checkbox_single xoo-aff-field\" value=\"yes\" >I accept the <a href=\"http:\/\/aydoks.com\/?page_id=3\" target=\"_blank\"> Terms of Service and Privacy Policy <\/a><\/label><\/div>\n<\/div>\n<\/div>\n<p><input type=\"hidden\" name=\"_xoo_el_form\" value=\"register\"><\/p>\n<p><button type=\"submit\" class=\"button btn xoo-el-action-btn xoo-el-register-btn\">Kay\u0131t Ol<\/button><\/p>\n<p><input type=\"hidden\" name=\"xoo_el_redirect\" value=\"\/index.php?rest_route=%2Fwp%2Fv2%2Fpages%2F48\"><\/p><\/form>\n<\/p><\/div>\n<\/p><\/div>\n<div data-section=\"lostpw\" class=\"xoo-el-section\">\n<div class=\"xoo-el-fields\">\n<div class=\"xoo-el-notice\"><\/div>\n<form class=\"xoo-el-action-form xoo-el-form-lostpw\">\n<p><span class=\"xoo-el-form-txt\">Lost your password? Please enter your username or email address. You will receive a link to create a new password via email.<\/span><\/p>\n<div class=\"xoo-el-fields-cont\">\n<div class=\"xoo-aff-group xoo-aff-cont-text one xoo-aff-cont-required user_login_cont\">\n<div class=\"xoo-aff-input-group\"><span class=\"xoo-aff-input-icon fas fa-user-plus\"><\/span><input type=\"text\" class=\"xoo-aff-required xoo-aff-text xoo-aff-field\" name=\"user_login\" placeholder=\"Username \/ Email\"  value=\"\" required=\"\t\"\/><\/div>\n<\/div>\n<\/div>\n<p><input type=\"hidden\" name=\"_xoo_el_form\" value=\"lostPassword\"><\/p>\n<p><input type=\"hidden\" name=\"_wp_http_referer\" value=\"\/index.php?rest_route=%2Fwp%2Fv2%2Fpages%2F48\" \/><br \/>\n<button type=\"submit\" class=\"button btn xoo-el-action-btn xoo-el-lostpw-btn\">E-posta S\u0131f\u0131rlama Ba\u011flant\u0131s\u0131<\/button><\/p><\/form>\n<\/p><\/div>\n<\/p><\/div>\n<\/div>\n<\/div>\n<p><\/span><\/span><\/span><\/span><\/p>\n\t\t\t\t\t\t\t\t<\/div>\n\t\t\t\t<\/div>\n\t\t\t\t\t<\/div>\n\t\t<\/div>\n\t\t\t\t\t<\/div>\n\t\t<\/section>\n\t\t\t\t<section class=\"elementor-section elementor-top-section elementor-element elementor-element-bfdaa51 elementor-section-boxed elementor-section-height-default elementor-section-height-default\" data-id=\"bfdaa51\" data-element_type=\"section\" data-e-type=\"section\">\n\t\t\t\t\t\t<div class=\"elementor-container elementor-column-gap-default\">\n\t\t\t\t\t\t<\/div>\n\t\t<\/section>\n\t\t\t\t<section class=\"elementor-section elementor-top-section elementor-element elementor-element-264d01c elementor-section-boxed elementor-section-height-default elementor-section-height-default\" data-id=\"264d01c\" data-element_type=\"section\" data-e-type=\"section\">\n\t\t\t\t\t\t<div class=\"elementor-container elementor-column-gap-default\">\n\t\t\t\t\t<div class=\"elementor-column elementor-col-100 elementor-top-column elementor-element elementor-element-8652aab\" data-id=\"8652aab\" data-element_type=\"column\" data-e-type=\"column\">\n\t\t\t<div class=\"elementor-widget-wrap elementor-element-populated\">\n\t\t\t\t\t\t<div class=\"elementor-element elementor-element-882f461 elementor-widget elementor-widget-image\" data-id=\"882f461\" data-element_type=\"widget\" data-e-type=\"widget\" data-widget_type=\"image.default\">\n\t\t\t\t<div class=\"elementor-widget-container\">\n\t\t\t\t\t\t\t\t\t\t\t\t\t\t\t<img decoding=\"async\" width=\"750\" height=\"54\" src=\"https:\/\/aydoks.com\/wp-content\/uploads\/2022\/01\/y.png\" class=\"attachment-large size-large wp-image-2071\" alt=\"\" srcset=\"https:\/\/aydoks.com\/wp-content\/uploads\/2022\/01\/y.png 891w, https:\/\/aydoks.com\/wp-content\/uploads\/2022\/01\/y-300x22.png 300w, https:\/\/aydoks.com\/wp-content\/uploads\/2022\/01\/y-768x55.png 768w, https:\/\/aydoks.com\/wp-content\/uploads\/2022\/01\/y-600x43.png 600w\" sizes=\"(max-width: 750px) 100vw, 750px\" \/>\t\t\t\t\t\t\t\t\t\t\t\t\t\t\t<\/div>\n\t\t\t\t<\/div>\n\t\t\t\t\t<\/div>\n\t\t<\/div>\n\t\t\t\t\t<\/div>\n\t\t<\/section>\n\t\t\t\t<section class=\"elementor-section elementor-top-section elementor-element elementor-element-c22e4e2 elementor-section-boxed elementor-section-height-default elementor-section-height-default\" data-id=\"c22e4e2\" data-element_type=\"section\" data-e-type=\"section\">\n\t\t\t\t\t\t<div class=\"elementor-container elementor-column-gap-default\">\n\t\t\t\t\t\t<\/div>\n\t\t<\/section>\n\t\t\t\t<section class=\"elementor-section elementor-top-section elementor-element elementor-element-2e0e8f4 elementor-section-boxed elementor-section-height-default elementor-section-height-default\" data-id=\"2e0e8f4\" data-element_type=\"section\" data-e-type=\"section\">\n\t\t\t\t\t\t<div class=\"elementor-container elementor-column-gap-default\">\n\t\t\t\t\t\t<\/div>\n\t\t<\/section>\n\t\t\t\t<section class=\"elementor-section elementor-top-section elementor-element elementor-element-856aee5 elementor-section-boxed elementor-section-height-default elementor-section-height-default\" data-id=\"856aee5\" data-element_type=\"section\" data-e-type=\"section\">\n\t\t\t\t\t\t<div class=\"elementor-container elementor-column-gap-default\">\n\t\t\t\t\t<div class=\"elementor-column elementor-col-33 elementor-top-column elementor-element elementor-element-d66b3fc\" data-id=\"d66b3fc\" data-element_type=\"column\" data-e-type=\"column\">\n\t\t\t<div class=\"elementor-widget-wrap\">\n\t\t\t\t\t\t\t<\/div>\n\t\t<\/div>\n\t\t\t\t<div class=\"elementor-column elementor-col-33 elementor-top-column elementor-element elementor-element-f618df4\" data-id=\"f618df4\" data-element_type=\"column\" data-e-type=\"column\">\n\t\t\t<div class=\"elementor-widget-wrap elementor-element-populated\">\n\t\t\t\t\t\t<div class=\"elementor-element elementor-element-a11bd62 elementor-widget elementor-widget-image\" data-id=\"a11bd62\" data-element_type=\"widget\" data-e-type=\"widget\" data-widget_type=\"image.default\">\n\t\t\t\t<div class=\"elementor-widget-container\">\n\t\t\t\t\t\t\t\t\t\t\t\t\t\t\t\t<a href=\"https:\/\/wa.me\/905333525994\">\n\t\t\t\t\t\t\t<img fetchpriority=\"high\" decoding=\"async\" width=\"538\" height=\"353\" src=\"https:\/\/aydoks.com\/wp-content\/uploads\/2021\/09\/aydoks-ttasarim-2.png\" class=\"attachment-large size-large wp-image-1714\" alt=\"\" srcset=\"https:\/\/aydoks.com\/wp-content\/uploads\/2021\/09\/aydoks-ttasarim-2.png 538w, https:\/\/aydoks.com\/wp-content\/uploads\/2021\/09\/aydoks-ttasarim-2-300x197.png 300w\" sizes=\"(max-width: 538px) 100vw, 538px\" \/>\t\t\t\t\t\t\t\t<\/a>\n\t\t\t\t\t\t\t\t\t\t\t\t\t\t\t<\/div>\n\t\t\t\t<\/div>\n\t\t\t\t\t<\/div>\n\t\t<\/div>\n\t\t\t\t<div class=\"elementor-column elementor-col-33 elementor-top-column elementor-element elementor-element-c342d7c\" data-id=\"c342d7c\" data-element_type=\"column\" data-e-type=\"column\">\n\t\t\t<div class=\"elementor-widget-wrap\">\n\t\t\t\t\t\t\t<\/div>\n\t\t<\/div>\n\t\t\t\t\t<\/div>\n\t\t<\/section>\n\t\t\t\t<\/div>\n\t\t","protected":false},"excerpt":{"rendered":"","protected":false},"author":1,"featured_media":0,"parent":0,"menu_order":0,"comment_status":"closed","ping_status":"closed","template":"","meta":{"_joinchat":[],"footnotes":""},"class_list":["post-48","page","type-page","status-publish","hentry"],"yoast_head":"<!-- This site is optimized with the Yoast SEO Premium plugin v15.0 - https:\/\/yoast.com\/wordpress\/plugins\/seo\/ -->\n<title>Hesab\u0131m &raquo; Aydoks Masa Sandalye<\/title>\n<meta name=\"robots\" content=\"index, follow, max-snippet:-1, max-image-preview:large, max-video-preview:-1\" \/>\n<link rel=\"canonical\" href=\"https:\/\/aydoks.com\/?page_id=48\" \/>\n<meta property=\"og:locale\" content=\"tr_TR\" \/>\n<meta property=\"og:type\" content=\"article\" \/>\n<meta property=\"og:title\" content=\"Hesab\u0131m &raquo; Aydoks Masa Sandalye\" \/>\n<meta property=\"og:url\" content=\"https:\/\/aydoks.com\/?page_id=48\" \/>\n<meta property=\"og:site_name\" content=\"Aydoks Masa Sandalye\" \/>\n<meta property=\"article:publisher\" content=\"https:\/\/www.facebook.com\/aydoksmasasandalye\/?ref=pages_you_manage\" \/>\n<meta property=\"article:modified_time\" content=\"2022-01-11T18:00:54+00:00\" \/>\n<meta property=\"og:image\" content=\"http:\/\/aydoks.com\/wp-content\/uploads\/2022\/01\/y.png\" \/>\n<meta name=\"twitter:card\" content=\"summary_large_image\" \/>\n<script type=\"application\/ld+json\" class=\"yoast-schema-graph\">{\"@context\":\"https:\/\/schema.org\",\"@graph\":[{\"@type\":\"Organization\",\"@id\":\"https:\/\/aydoks.com\/#organization\",\"name\":\"Aydoks\",\"url\":\"https:\/\/aydoks.com\/\",\"sameAs\":[\"https:\/\/www.facebook.com\/aydoksmasasandalye\/?ref=pages_you_manage\",\"https:\/\/www.instagram.com\/aydoks\/\"],\"logo\":{\"@type\":\"ImageObject\",\"@id\":\"https:\/\/aydoks.com\/#logo\",\"inLanguage\":\"tr\",\"url\":\"https:\/\/aydoks.com\/wp-content\/uploads\/2021\/06\/cropped-ayd.png\",\"width\":512,\"height\":512,\"caption\":\"Aydoks\"},\"image\":{\"@id\":\"https:\/\/aydoks.com\/#logo\"}},{\"@type\":\"WebSite\",\"@id\":\"https:\/\/aydoks.com\/#website\",\"url\":\"https:\/\/aydoks.com\/\",\"name\":\"Aydoks Masa Sandalye\",\"description\":\"Masa Tak\\u0131mlar\\u0131 , Sandalye Modelleri , Dresuar Modelleri , Sehpa Modelleri , Bah\\u00e7e Tak\\u0131mlar\\u0131 Gibi Bir\\u00e7ok \\u00dcr\\u00fcn\",\"publisher\":{\"@id\":\"https:\/\/aydoks.com\/#organization\"},\"potentialAction\":[{\"@type\":\"SearchAction\",\"target\":\"https:\/\/aydoks.com\/?s={search_term_string}\",\"query-input\":\"required name=search_term_string\"}],\"inLanguage\":\"tr\"},{\"@type\":\"ImageObject\",\"@id\":\"https:\/\/aydoks.com\/?page_id=48#primaryimage\",\"inLanguage\":\"tr\",\"url\":\"http:\/\/aydoks.com\/wp-content\/uploads\/2022\/01\/y.png\"},{\"@type\":\"WebPage\",\"@id\":\"https:\/\/aydoks.com\/?page_id=48#webpage\",\"url\":\"https:\/\/aydoks.com\/?page_id=48\",\"name\":\"Hesab\\u0131m &raquo; Aydoks Masa Sandalye\",\"isPartOf\":{\"@id\":\"https:\/\/aydoks.com\/#website\"},\"primaryImageOfPage\":{\"@id\":\"https:\/\/aydoks.com\/?page_id=48#primaryimage\"},\"datePublished\":\"2019-04-18T11:07:31+00:00\",\"dateModified\":\"2022-01-11T18:00:54+00:00\",\"breadcrumb\":{\"@id\":\"https:\/\/aydoks.com\/?page_id=48#breadcrumb\"},\"inLanguage\":\"tr\",\"potentialAction\":[{\"@type\":\"ReadAction\",\"target\":[\"https:\/\/aydoks.com\/?page_id=48\"]}]},{\"@type\":\"BreadcrumbList\",\"@id\":\"https:\/\/aydoks.com\/?page_id=48#breadcrumb\",\"itemListElement\":[{\"@type\":\"ListItem\",\"position\":1,\"item\":{\"@type\":\"WebPage\",\"@id\":\"https:\/\/aydoks.com\/\",\"url\":\"https:\/\/aydoks.com\/\",\"name\":\"Anasayfa\"}},{\"@type\":\"ListItem\",\"position\":2,\"item\":{\"@type\":\"WebPage\",\"@id\":\"https:\/\/aydoks.com\/?page_id=48\",\"url\":\"https:\/\/aydoks.com\/?page_id=48\",\"name\":\"Hesab\\u0131m\"}}]}]}<\/script>\n<!-- \/ Yoast SEO Premium plugin. -->","_links":{"self":[{"href":"https:\/\/aydoks.com\/index.php?rest_route=\/wp\/v2\/pages\/48","targetHints":{"allow":["GET"]}}],"collection":[{"href":"https:\/\/aydoks.com\/index.php?rest_route=\/wp\/v2\/pages"}],"about":[{"href":"https:\/\/aydoks.com\/index.php?rest_route=\/wp\/v2\/types\/page"}],"author":[{"embeddable":true,"href":"https:\/\/aydoks.com\/index.php?rest_route=\/wp\/v2\/users\/1"}],"replies":[{"embeddable":true,"href":"https:\/\/aydoks.com\/index.php?rest_route=%2Fwp%2Fv2%2Fcomments&post=48"}],"version-history":[{"count":91,"href":"https:\/\/aydoks.com\/index.php?rest_route=\/wp\/v2\/pages\/48\/revisions"}],"predecessor-version":[{"id":2074,"href":"https:\/\/aydoks.com\/index.php?rest_route=\/wp\/v2\/pages\/48\/revisions\/2074"}],"wp:attachment":[{"href":"https:\/\/aydoks.com\/index.php?rest_route=%2Fwp%2Fv2%2Fmedia&parent=48"}],"curies":[{"name":"wp","href":"https:\/\/api.w.org\/{rel}","templated":true}]}}