{"id":1753,"date":"2021-09-18T10:23:11","date_gmt":"2021-09-18T07:23:11","guid":{"rendered":"http:\/\/aydoks.com\/?post_type=product&#038;p=1753"},"modified":"2024-08-04T18:28:14","modified_gmt":"2024-08-04T15:28:14","slug":"mermer-masa-balon-sandalye-takimi","status":"publish","type":"product","link":"https:\/\/aydoks.com\/?product=mermer-masa-balon-sandalye-takimi","title":{"rendered":"Mermer Masa Balon Sandalye Tak\u0131m\u0131"},"content":{"rendered":"<h1 style=\"text-align: center;\"><i><span style=\"font-family: Arial, Helvetica, sans-serif; font-size: x-large;\"><b><img decoding=\"async\" class=\"aligncenter\" src=\"https:\/\/i.hizliresim.com\/4qfmCo.png\" alt=\"\" \/><\/b><\/span><\/i><span style=\"font-family: Arial, Helvetica, sans-serif; font-size: x-large;\"><b>BALON SANDALYE<\/b><\/span><\/h1>\n<p style=\"text-align: center;\"><b><span style=\"color: #4b0082; font-size: large;\">YEN\u0130 SEZONA \u00d6ZEL KAMPANYA<\/span><\/b><\/p>\n<p style=\"text-align: center;\"><strong>\u200b<\/strong><\/p>\n<p style=\"text-align: center;\"><strong><span style=\"font-size: large;\">Ev, Ofis, Cafe, Restoran, G\u00fczellik Salonu Gibi Alanlarda Kullan\u0131labilecek \u015eekilde \u00dcretilmi\u015ftir. Kuma\u015flar\u0131m\u0131z 1. S\u0131n\u0131f Silinebilir kadife Kuma\u015ftan Yap\u0131l\u0131p \u0130\u00e7leri Yeni Nesil Boncuk Silikon \u0130le Dolduruldu\u011fundan\u00a0<\/span>Hava Alma \u00d6zelli\u011fine Sahiptir. Ayn\u0131 zamanda\u00a0<span style=\"font-size: large;\">Sandalyenizi Y\u0131llarca Kullansan\u0131z Dahi Dolgunl\u011fu ve \u015eekli Bozuklu\u011fu Ya\u015famadan \u0130lk G\u00fcnk\u00fc Gibi Kullan\u0131rs\u0131n\u0131z. <\/span>Fermuarl\u0131 Yap\u0131s\u0131 Sayesinde Y\u0131kan\u0131p Tekrar Kullan\u0131labilir. Metal Kasalar\u0131m\u0131z \u0130se Argon Kaynak \u0130le B\u00fct\u00fcnle\u015ftirilip Statik Boya \u0130le Boyand\u0131ktan Sonra 200 Dereceli F\u0131r\u0131nlarda 1 Saat Bekletilerek Haz\u0131r Hale Getirilmektedir. Kesinlikle Paslanma Olmaz. Ayr\u0131ca Sandalyelerimizin Yer \u0130le Temas Eden K\u0131s\u0131mlar\u0131na Montalanan \u00d6zel Malzeme Sayesinde Zeminde \u00c7izilme Gibi Sorunlarlada Kar\u015f\u0131la\u015fmazs\u0131n\u0131z.<\/strong><\/p>\n<p>&nbsp;<\/p>\n<p>&nbsp;<\/p>\n<p style=\"text-align: center;\"><span style=\"color: #ff6600;\"><strong><span style=\"font-size: large;\">\u0130stedi\u011finiz Renk Ve Kuma\u015fta \u0130mal Edebilmekteyiz\u00a0<\/span><\/strong><\/span><\/p>\n<p>&nbsp;<\/p>\n<p>&nbsp;<\/p>\n<p style=\"text-align: center;\"><span style=\"font-size: large; color: #000000;\"><b>\u0130STANBUL \u0130\u00c7\u0130 TESL\u0130MAT VE KURULUM\u00a0<\/b><b>\u00a0<\/b><b>\u00dcCRETS\u0130ZD\u0130R!<\/b><\/span><\/p>\n<p style=\"text-align: center;\"><span style=\"color: #ff6600; font-size: large;\">T\u00fcrkiye&#8217;nin Her iline Kargomuz Mevcuttur.<\/span><\/p>\n<p>&nbsp;<\/p>\n<p>&nbsp;<\/p>\n<div style=\"text-align: center;\"><span style=\"color: #ff0000;\"><b><u>\u00dcr\u00fcnleriniz 2 Y\u0131l Bizim G\u00fcvencemizdedir<\/u><\/b><\/span><\/div>\n<p style=\"text-align: center;\"><span style=\"font-size: large; color: #ff0000;\"><b><u>L\u00fctfen Kalitesiz Ve Garantisiz \u00dcr\u00fcnlerle K\u0131yaslamay\u0131n !<\/u><\/b><\/span><\/p>\n<p>&nbsp;<\/p>\n<p>&nbsp;<\/p>\n<p style=\"text-align: center;\"><span style=\"font-size: large;\"><u><span style=\"color: #008000;\"><b>SANDALYEN\u0130N \u00d6L\u00c7\u00dcLER\u0130<\/b><\/span><b><\/b><\/u><\/span><\/p>\n<p style=\"text-align: center;\"><span style=\"font-size: medium;\">Yerden Y\u00fcksekli\u011fi : 75 cm<\/span><\/p>\n<p style=\"text-align: center;\">En Geni\u015fli\u011fi : 71 cm<\/p>\n<p style=\"text-align: center;\">Oturma Y\u00fcksekli\u011fi : 45<\/p>\n<p style=\"text-align: center;\">Derinlik: 67 cm<\/p>\n<p>&nbsp;<\/p>\n<p>&nbsp;<\/p>\n<h5 style=\"text-align: center;\"><span style=\"color: #ff6600;\"><span style=\"font-size: large;\"><span style=\"font-size: large;\"><u><b>A\u015fa\u011f\u0131daki Numaradan Bizlere Whatsapp Mesaj Yoluyla Renk Ve Kuma\u015f Hakk\u0131nda Bilgi<\/b><\/u><\/span><\/span><span style=\"font-size: large;\"><span style=\"font-size: large;\"><u><b> Alabilir Ve Sipari\u015finizi Verebilirsiniz.<\/b><\/u><\/span><\/span><\/span><\/h5>\n<p>&nbsp;<\/p>\n<p>&nbsp;<\/p>\n<p style=\"text-align: center;\"><span style=\"color: #ff0000; font-size: large;\">\u0130leti\u015fim No: 0533 352 59 94<\/span><\/p>\n<h4 style=\"text-align: center;\"><a href=\"https:\/\/api.whatsapp.com\/send?phone=905333525994&amp;text=\"><span style=\"color: #0000ff;\"><span style=\"color: #27a33c;\">Whatsapp<\/span> \u0130le Sipari\u015f Vermek \u0130\u00e7in T\u0131kla<\/span><\/a><\/h4>\n<p>&nbsp;<\/p>\n<p>&nbsp;<\/p>\n<p style=\"text-align: center;\"><span style=\"color: #4b0082; font-size: large;\"><i><u>Sosyal\u00a0<\/u><\/i><i><u>Medya<\/u><\/i><\/span><\/p>\n<p style=\"text-align: center;\">www.instagram.com\/aydoks<\/p>\n<h4 style=\"text-align: center;\"><a href=\"https:\/\/www.instagram.com\/aydoks\/\"><span style=\"color: #0000ff;\"><span style=\"color: #cf34a5;\">\u0130nstagram<\/span> Sayfam\u0131z\u0131 \u0130ncelemek \u0130ncelemek \u0130\u00e7in T\u0131kla<\/span><\/a><\/h4>\n<p><b><\/b><br \/>\n<img decoding=\"async\" class=\"aligncenter\" src=\"https:\/\/i.hizliresim.com\/4qfmCo.png\" alt=\"\" \/><\/p>\n","protected":false},"excerpt":{"rendered":"<p>BALON SANDALYE YEN\u0130 SEZONA \u00d6ZEL KAMPANYA \u200b Ev, Ofis, Cafe, Restoran, G\u00fczellik Salonu Gibi Alanlarda Kullan\u0131labilecek \u015eekilde \u00dcretilmi\u015ftir. Kuma\u015flar\u0131m\u0131z 1.&hellip;<\/p>\n","protected":false},"featured_media":1756,"comment_status":"open","ping_status":"closed","template":"","meta":{"_joinchat":[]},"product_brand":[],"product_cat":[43,116,32],"product_tag":[45,122],"class_list":{"0":"post-1753","1":"product","2":"type-product","3":"status-publish","4":"has-post-thumbnail","6":"product_cat-masa-takimi","7":"product_cat-one-cikanlar","8":"product_cat-set-urunler","9":"product_tag-balon-sandalye","10":"product_tag-mermer-masa-takimi","12":"first","13":"instock","14":"sale","15":"taxable","16":"shipping-taxable","17":"purchasable","18":"product-type-simple"},"yoast_head":"<!-- This site is optimized with the Yoast SEO Premium plugin v15.0 - https:\/\/yoast.com\/wordpress\/plugins\/seo\/ -->\n<title>Mermer Masa Balon Sandalye Tak\u0131m\u0131 &raquo; Aydoks Masa Sandalye<\/title>\n<meta name=\"robots\" content=\"index, follow, max-snippet:-1, max-image-preview:large, max-video-preview:-1\" \/>\n<link rel=\"canonical\" href=\"https:\/\/aydoks.com\/?product=mermer-masa-balon-sandalye-takimi\" \/>\n<meta property=\"og:locale\" content=\"tr_TR\" \/>\n<meta property=\"og:type\" content=\"article\" \/>\n<meta property=\"og:title\" content=\"Mermer Masa Balon Sandalye Tak\u0131m\u0131 &raquo; Aydoks Masa Sandalye\" \/>\n<meta property=\"og:description\" content=\"BALON SANDALYE YEN\u0130 SEZONA \u00d6ZEL KAMPANYA \u200b Ev, Ofis, Cafe, Restoran, G\u00fczellik Salonu Gibi Alanlarda Kullan\u0131labilecek \u015eekilde \u00dcretilmi\u015ftir. Kuma\u015flar\u0131m\u0131z 1.&hellip;\" \/>\n<meta property=\"og:url\" content=\"https:\/\/aydoks.com\/?product=mermer-masa-balon-sandalye-takimi\" \/>\n<meta property=\"og:site_name\" content=\"Aydoks Masa Sandalye\" \/>\n<meta property=\"article:publisher\" content=\"https:\/\/www.facebook.com\/aydoksmasasandalye\/?ref=pages_you_manage\" \/>\n<meta property=\"article:modified_time\" content=\"2024-08-04T15:28:14+00:00\" \/>\n<meta property=\"og:image\" content=\"https:\/\/aydoks.com\/wp-content\/uploads\/2021\/09\/82B07610-DDE5-482D-83AC-4F7E88EF5ECA.jpeg\" \/>\n\t<meta property=\"og:image:width\" content=\"1200\" \/>\n\t<meta property=\"og:image:height\" content=\"1600\" \/>\n<meta name=\"twitter:card\" content=\"summary_large_image\" \/>\n<script type=\"application\/ld+json\" class=\"yoast-schema-graph\">{\"@context\":\"https:\/\/schema.org\",\"@graph\":[{\"@type\":\"Organization\",\"@id\":\"https:\/\/aydoks.com\/#organization\",\"name\":\"Aydoks\",\"url\":\"https:\/\/aydoks.com\/\",\"sameAs\":[\"https:\/\/www.facebook.com\/aydoksmasasandalye\/?ref=pages_you_manage\",\"https:\/\/www.instagram.com\/aydoks\/\"],\"logo\":{\"@type\":\"ImageObject\",\"@id\":\"https:\/\/aydoks.com\/#logo\",\"inLanguage\":\"tr\",\"url\":\"https:\/\/aydoks.com\/wp-content\/uploads\/2021\/06\/cropped-ayd.png\",\"width\":512,\"height\":512,\"caption\":\"Aydoks\"},\"image\":{\"@id\":\"https:\/\/aydoks.com\/#logo\"}},{\"@type\":\"WebSite\",\"@id\":\"https:\/\/aydoks.com\/#website\",\"url\":\"https:\/\/aydoks.com\/\",\"name\":\"Aydoks Masa Sandalye\",\"description\":\"Masa Tak\\u0131mlar\\u0131 , Sandalye Modelleri , Dresuar Modelleri , Sehpa Modelleri , Bah\\u00e7e Tak\\u0131mlar\\u0131 Gibi Bir\\u00e7ok \\u00dcr\\u00fcn\",\"publisher\":{\"@id\":\"https:\/\/aydoks.com\/#organization\"},\"potentialAction\":[{\"@type\":\"SearchAction\",\"target\":\"https:\/\/aydoks.com\/?s={search_term_string}\",\"query-input\":\"required name=search_term_string\"}],\"inLanguage\":\"tr\"},{\"@type\":\"ImageObject\",\"@id\":\"https:\/\/aydoks.com\/?product=mermer-masa-balon-sandalye-takimi#primaryimage\",\"inLanguage\":\"tr\",\"url\":\"https:\/\/aydoks.com\/wp-content\/uploads\/2021\/09\/82B07610-DDE5-482D-83AC-4F7E88EF5ECA.jpeg\",\"width\":1200,\"height\":1600},{\"@type\":\"WebPage\",\"@id\":\"https:\/\/aydoks.com\/?product=mermer-masa-balon-sandalye-takimi#webpage\",\"url\":\"https:\/\/aydoks.com\/?product=mermer-masa-balon-sandalye-takimi\",\"name\":\"Mermer Masa Balon Sandalye Tak\\u0131m\\u0131 &raquo; Aydoks Masa Sandalye\",\"isPartOf\":{\"@id\":\"https:\/\/aydoks.com\/#website\"},\"primaryImageOfPage\":{\"@id\":\"https:\/\/aydoks.com\/?product=mermer-masa-balon-sandalye-takimi#primaryimage\"},\"datePublished\":\"2021-09-18T07:23:11+00:00\",\"dateModified\":\"2024-08-04T15:28:14+00:00\",\"breadcrumb\":{\"@id\":\"https:\/\/aydoks.com\/?product=mermer-masa-balon-sandalye-takimi#breadcrumb\"},\"inLanguage\":\"tr\",\"potentialAction\":[{\"@type\":\"ReadAction\",\"target\":[\"https:\/\/aydoks.com\/?product=mermer-masa-balon-sandalye-takimi\"]}]},{\"@type\":\"BreadcrumbList\",\"@id\":\"https:\/\/aydoks.com\/?product=mermer-masa-balon-sandalye-takimi#breadcrumb\",\"itemListElement\":[{\"@type\":\"ListItem\",\"position\":1,\"item\":{\"@type\":\"WebPage\",\"@id\":\"https:\/\/aydoks.com\/\",\"url\":\"https:\/\/aydoks.com\/\",\"name\":\"Anasayfa\"}},{\"@type\":\"ListItem\",\"position\":2,\"item\":{\"@type\":\"WebPage\",\"@id\":\"https:\/\/aydoks.com\/?page_id=45\",\"url\":\"https:\/\/aydoks.com\/?page_id=45\",\"name\":\"\\u00dcr\\u00fcnler\"}},{\"@type\":\"ListItem\",\"position\":3,\"item\":{\"@type\":\"WebPage\",\"@id\":\"https:\/\/aydoks.com\/?product=mermer-masa-balon-sandalye-takimi\",\"url\":\"https:\/\/aydoks.com\/?product=mermer-masa-balon-sandalye-takimi\",\"name\":\"Mermer Masa Balon Sandalye Tak\\u0131m\\u0131\"}}]}]}<\/script>\n<!-- \/ Yoast SEO Premium plugin. -->","_links":{"self":[{"href":"https:\/\/aydoks.com\/index.php?rest_route=\/wp\/v2\/product\/1753","targetHints":{"allow":["GET"]}}],"collection":[{"href":"https:\/\/aydoks.com\/index.php?rest_route=\/wp\/v2\/product"}],"about":[{"href":"https:\/\/aydoks.com\/index.php?rest_route=\/wp\/v2\/types\/product"}],"replies":[{"embeddable":true,"href":"https:\/\/aydoks.com\/index.php?rest_route=%2Fwp%2Fv2%2Fcomments&post=1753"}],"wp:featuredmedia":[{"embeddable":true,"href":"https:\/\/aydoks.com\/index.php?rest_route=\/wp\/v2\/media\/1756"}],"wp:attachment":[{"href":"https:\/\/aydoks.com\/index.php?rest_route=%2Fwp%2Fv2%2Fmedia&parent=1753"}],"wp:term":[{"taxonomy":"product_brand","embeddable":true,"href":"https:\/\/aydoks.com\/index.php?rest_route=%2Fwp%2Fv2%2Fproduct_brand&post=1753"},{"taxonomy":"product_cat","embeddable":true,"href":"https:\/\/aydoks.com\/index.php?rest_route=%2Fwp%2Fv2%2Fproduct_cat&post=1753"},{"taxonomy":"product_tag","embeddable":true,"href":"https:\/\/aydoks.com\/index.php?rest_route=%2Fwp%2Fv2%2Fproduct_tag&post=1753"}],"curies":[{"name":"wp","href":"https:\/\/api.w.org\/{rel}","templated":true}]}}