{"id":2395,"date":"2022-06-15T09:45:12","date_gmt":"2022-06-15T06:45:12","guid":{"rendered":"http:\/\/aydoks.com\/?post_type=product&#038;p=2395"},"modified":"2025-02-24T11:07:00","modified_gmt":"2025-02-24T08:07:00","slug":"ahsap-masa-takimi","status":"publish","type":"product","link":"https:\/\/aydoks.com\/?product=ahsap-masa-takimi","title":{"rendered":"Ah\u015fap Masa Tak\u0131m\u0131"},"content":{"rendered":"","protected":false},"excerpt":{"rendered":"<p>A\u011fa\u00e7 Masa Tak\u0131m\u0131 Masa \u00dcst\u00fc Glossmax Beyaz Mermer Kaplamadan \u00dcretilmi\u015ftir Sandalye Ve Masa Aya\u011f\u0131 Ah\u015fapt\u0131r<\/p>\n","protected":false},"featured_media":2397,"comment_status":"open","ping_status":"closed","template":"","meta":{"_joinchat":[]},"product_brand":[],"product_cat":[43,116,32],"product_tag":[],"class_list":{"0":"post-2395","1":"product","2":"type-product","3":"status-publish","4":"has-post-thumbnail","6":"product_cat-masa-takimi","7":"product_cat-one-cikanlar","8":"product_cat-set-urunler","10":"first","11":"instock","12":"sale","13":"taxable","14":"shipping-taxable","15":"purchasable","16":"product-type-simple"},"yoast_head":"<!-- This site is optimized with the Yoast SEO Premium plugin v15.0 - https:\/\/yoast.com\/wordpress\/plugins\/seo\/ -->\n<title>Ah\u015fap Masa Tak\u0131m\u0131 &raquo; Aydoks Masa Sandalye<\/title>\n<meta name=\"robots\" content=\"index, follow, max-snippet:-1, max-image-preview:large, max-video-preview:-1\" \/>\n<link rel=\"canonical\" href=\"https:\/\/aydoks.com\/?product=ahsap-masa-takimi\" \/>\n<meta property=\"og:locale\" content=\"tr_TR\" \/>\n<meta property=\"og:type\" content=\"article\" \/>\n<meta property=\"og:title\" content=\"Ah\u015fap Masa Tak\u0131m\u0131 &raquo; Aydoks Masa Sandalye\" \/>\n<meta property=\"og:description\" content=\"A\u011fa\u00e7 Masa Tak\u0131m\u0131 Masa \u00dcst\u00fc Glossmax Beyaz Mermer Kaplamadan \u00dcretilmi\u015ftir Sandalye Ve Masa Aya\u011f\u0131 Ah\u015fapt\u0131r\" \/>\n<meta property=\"og:url\" content=\"https:\/\/aydoks.com\/?product=ahsap-masa-takimi\" \/>\n<meta property=\"og:site_name\" content=\"Aydoks Masa Sandalye\" \/>\n<meta property=\"article:publisher\" content=\"https:\/\/www.facebook.com\/aydoksmasasandalye\/?ref=pages_you_manage\" \/>\n<meta property=\"article:modified_time\" content=\"2025-02-24T08:07:00+00:00\" \/>\n<meta property=\"og:image\" content=\"https:\/\/aydoks.com\/wp-content\/uploads\/2022\/06\/95200836-9328-4170-b0a3-06019fb7bc7c.jpg\" \/>\n\t<meta property=\"og:image:width\" content=\"1242\" \/>\n\t<meta property=\"og:image:height\" content=\"1055\" \/>\n<meta name=\"twitter:card\" content=\"summary_large_image\" \/>\n<script type=\"application\/ld+json\" class=\"yoast-schema-graph\">{\"@context\":\"https:\/\/schema.org\",\"@graph\":[{\"@type\":\"Organization\",\"@id\":\"https:\/\/aydoks.com\/#organization\",\"name\":\"Aydoks\",\"url\":\"https:\/\/aydoks.com\/\",\"sameAs\":[\"https:\/\/www.facebook.com\/aydoksmasasandalye\/?ref=pages_you_manage\",\"https:\/\/www.instagram.com\/aydoks\/\"],\"logo\":{\"@type\":\"ImageObject\",\"@id\":\"https:\/\/aydoks.com\/#logo\",\"inLanguage\":\"tr\",\"url\":\"https:\/\/aydoks.com\/wp-content\/uploads\/2021\/06\/cropped-ayd.png\",\"width\":512,\"height\":512,\"caption\":\"Aydoks\"},\"image\":{\"@id\":\"https:\/\/aydoks.com\/#logo\"}},{\"@type\":\"WebSite\",\"@id\":\"https:\/\/aydoks.com\/#website\",\"url\":\"https:\/\/aydoks.com\/\",\"name\":\"Aydoks Masa Sandalye\",\"description\":\"Masa Tak\\u0131mlar\\u0131 , Sandalye Modelleri , Dresuar Modelleri , Sehpa Modelleri , Bah\\u00e7e Tak\\u0131mlar\\u0131 Gibi Bir\\u00e7ok \\u00dcr\\u00fcn\",\"publisher\":{\"@id\":\"https:\/\/aydoks.com\/#organization\"},\"potentialAction\":[{\"@type\":\"SearchAction\",\"target\":\"https:\/\/aydoks.com\/?s={search_term_string}\",\"query-input\":\"required name=search_term_string\"}],\"inLanguage\":\"tr\"},{\"@type\":\"ImageObject\",\"@id\":\"https:\/\/aydoks.com\/?product=ahsap-masa-takimi#primaryimage\",\"inLanguage\":\"tr\",\"url\":\"https:\/\/aydoks.com\/wp-content\/uploads\/2022\/06\/95200836-9328-4170-b0a3-06019fb7bc7c.jpg\",\"width\":1242,\"height\":1055},{\"@type\":\"WebPage\",\"@id\":\"https:\/\/aydoks.com\/?product=ahsap-masa-takimi#webpage\",\"url\":\"https:\/\/aydoks.com\/?product=ahsap-masa-takimi\",\"name\":\"Ah\\u015fap Masa Tak\\u0131m\\u0131 &raquo; Aydoks Masa Sandalye\",\"isPartOf\":{\"@id\":\"https:\/\/aydoks.com\/#website\"},\"primaryImageOfPage\":{\"@id\":\"https:\/\/aydoks.com\/?product=ahsap-masa-takimi#primaryimage\"},\"datePublished\":\"2022-06-15T06:45:12+00:00\",\"dateModified\":\"2025-02-24T08:07:00+00:00\",\"breadcrumb\":{\"@id\":\"https:\/\/aydoks.com\/?product=ahsap-masa-takimi#breadcrumb\"},\"inLanguage\":\"tr\",\"potentialAction\":[{\"@type\":\"ReadAction\",\"target\":[\"https:\/\/aydoks.com\/?product=ahsap-masa-takimi\"]}]},{\"@type\":\"BreadcrumbList\",\"@id\":\"https:\/\/aydoks.com\/?product=ahsap-masa-takimi#breadcrumb\",\"itemListElement\":[{\"@type\":\"ListItem\",\"position\":1,\"item\":{\"@type\":\"WebPage\",\"@id\":\"https:\/\/aydoks.com\/\",\"url\":\"https:\/\/aydoks.com\/\",\"name\":\"Anasayfa\"}},{\"@type\":\"ListItem\",\"position\":2,\"item\":{\"@type\":\"WebPage\",\"@id\":\"https:\/\/aydoks.com\/?page_id=45\",\"url\":\"https:\/\/aydoks.com\/?page_id=45\",\"name\":\"\\u00dcr\\u00fcnler\"}},{\"@type\":\"ListItem\",\"position\":3,\"item\":{\"@type\":\"WebPage\",\"@id\":\"https:\/\/aydoks.com\/?product=ahsap-masa-takimi\",\"url\":\"https:\/\/aydoks.com\/?product=ahsap-masa-takimi\",\"name\":\"Ah\\u015fap Masa Tak\\u0131m\\u0131\"}}]}]}<\/script>\n<!-- \/ Yoast SEO Premium plugin. -->","_links":{"self":[{"href":"https:\/\/aydoks.com\/index.php?rest_route=\/wp\/v2\/product\/2395","targetHints":{"allow":["GET"]}}],"collection":[{"href":"https:\/\/aydoks.com\/index.php?rest_route=\/wp\/v2\/product"}],"about":[{"href":"https:\/\/aydoks.com\/index.php?rest_route=\/wp\/v2\/types\/product"}],"replies":[{"embeddable":true,"href":"https:\/\/aydoks.com\/index.php?rest_route=%2Fwp%2Fv2%2Fcomments&post=2395"}],"wp:featuredmedia":[{"embeddable":true,"href":"https:\/\/aydoks.com\/index.php?rest_route=\/wp\/v2\/media\/2397"}],"wp:attachment":[{"href":"https:\/\/aydoks.com\/index.php?rest_route=%2Fwp%2Fv2%2Fmedia&parent=2395"}],"wp:term":[{"taxonomy":"product_brand","embeddable":true,"href":"https:\/\/aydoks.com\/index.php?rest_route=%2Fwp%2Fv2%2Fproduct_brand&post=2395"},{"taxonomy":"product_cat","embeddable":true,"href":"https:\/\/aydoks.com\/index.php?rest_route=%2Fwp%2Fv2%2Fproduct_cat&post=2395"},{"taxonomy":"product_tag","embeddable":true,"href":"https:\/\/aydoks.com\/index.php?rest_route=%2Fwp%2Fv2%2Fproduct_tag&post=2395"}],"curies":[{"name":"wp","href":"https:\/\/api.w.org\/{rel}","templated":true}]}}