{"id":2707,"date":"2026-04-28T20:56:58","date_gmt":"2026-04-28T17:56:58","guid":{"rendered":"https:\/\/aydoks.com\/?post_type=product&#038;p=2707"},"modified":"2026-04-28T21:01:10","modified_gmt":"2026-04-28T18:01:10","slug":"ahsap-iskandinav-tarz-masa-takimi","status":"publish","type":"product","link":"https:\/\/aydoks.com\/?product=ahsap-iskandinav-tarz-masa-takimi","title":{"rendered":"Ah\u015fap \u0130skandinav Tarz Masa Tak\u0131m\u0131"},"content":{"rendered":"<p>6 sandalye 1 masa<\/p>\n<p>&nbsp;<\/p>\n<p>&nbsp;<\/p>\n","protected":false},"excerpt":{"rendered":"<p><strong><img fetchpriority=\"high\" decoding=\"async\" class=\"alignnone size-medium wp-image-2710 alignleft\" src=\"http:\/\/aydoks.com\/wp-content\/uploads\/2026\/04\/d3efc6f5-9994-4ec5-a075-a05cabfc527c-225x300.jpeg\" alt=\"\" width=\"225\" height=\"300\" srcset=\"https:\/\/aydoks.com\/wp-content\/uploads\/2026\/04\/d3efc6f5-9994-4ec5-a075-a05cabfc527c-225x300.jpeg 225w, https:\/\/aydoks.com\/wp-content\/uploads\/2026\/04\/d3efc6f5-9994-4ec5-a075-a05cabfc527c-768x1024.jpeg 768w, https:\/\/aydoks.com\/wp-content\/uploads\/2026\/04\/d3efc6f5-9994-4ec5-a075-a05cabfc527c-1152x1536.jpeg 1152w, https:\/\/aydoks.com\/wp-content\/uploads\/2026\/04\/d3efc6f5-9994-4ec5-a075-a05cabfc527c-600x800.jpeg 600w, https:\/\/aydoks.com\/wp-content\/uploads\/2026\/04\/d3efc6f5-9994-4ec5-a075-a05cabfc527c.jpeg 1200w\" sizes=\"(max-width: 225px) 100vw, 225px\" \/><\/strong><\/p>\n","protected":false},"featured_media":2710,"comment_status":"open","ping_status":"closed","template":"","meta":{"_joinchat":[]},"product_brand":[186],"product_cat":[43,116,32],"product_tag":[],"class_list":{"0":"post-2707","1":"product","2":"type-product","3":"status-publish","4":"has-post-thumbnail","6":"product_brand-aydoks","7":"product_cat-masa-takimi","8":"product_cat-one-cikanlar","9":"product_cat-set-urunler","11":"first","12":"instock","13":"sale","14":"taxable","15":"shipping-taxable","16":"purchasable","17":"product-type-simple"},"yoast_head":"<!-- This site is optimized with the Yoast SEO Premium plugin v15.0 - https:\/\/yoast.com\/wordpress\/plugins\/seo\/ -->\n<title>Ah\u015fap \u0130skandinav Tarz Masa Tak\u0131m\u0131 &raquo; Aydoks Masa Sandalye<\/title>\n<meta name=\"robots\" content=\"index, follow, max-snippet:-1, max-image-preview:large, max-video-preview:-1\" \/>\n<link rel=\"canonical\" href=\"https:\/\/aydoks.com\/?product=ahsap-iskandinav-tarz-masa-takimi\" \/>\n<meta property=\"og:locale\" content=\"tr_TR\" \/>\n<meta property=\"og:type\" content=\"article\" \/>\n<meta property=\"og:title\" content=\"Ah\u015fap \u0130skandinav Tarz Masa Tak\u0131m\u0131 &raquo; Aydoks Masa Sandalye\" \/>\n<meta property=\"og:url\" content=\"https:\/\/aydoks.com\/?product=ahsap-iskandinav-tarz-masa-takimi\" \/>\n<meta property=\"og:site_name\" content=\"Aydoks Masa Sandalye\" \/>\n<meta property=\"article:publisher\" content=\"https:\/\/www.facebook.com\/aydoksmasasandalye\/?ref=pages_you_manage\" \/>\n<meta property=\"article:modified_time\" content=\"2026-04-28T18:01:10+00:00\" \/>\n<meta property=\"og:image\" content=\"https:\/\/aydoks.com\/wp-content\/uploads\/2026\/04\/d3efc6f5-9994-4ec5-a075-a05cabfc527c.jpeg\" \/>\n\t<meta property=\"og:image:width\" content=\"1200\" \/>\n\t<meta property=\"og:image:height\" content=\"1600\" \/>\n<meta name=\"twitter:card\" content=\"summary_large_image\" \/>\n<script type=\"application\/ld+json\" class=\"yoast-schema-graph\">{\"@context\":\"https:\/\/schema.org\",\"@graph\":[{\"@type\":\"Organization\",\"@id\":\"https:\/\/aydoks.com\/#organization\",\"name\":\"Aydoks\",\"url\":\"https:\/\/aydoks.com\/\",\"sameAs\":[\"https:\/\/www.facebook.com\/aydoksmasasandalye\/?ref=pages_you_manage\",\"https:\/\/www.instagram.com\/aydoks\/\"],\"logo\":{\"@type\":\"ImageObject\",\"@id\":\"https:\/\/aydoks.com\/#logo\",\"inLanguage\":\"tr\",\"url\":\"https:\/\/aydoks.com\/wp-content\/uploads\/2021\/06\/cropped-ayd.png\",\"width\":512,\"height\":512,\"caption\":\"Aydoks\"},\"image\":{\"@id\":\"https:\/\/aydoks.com\/#logo\"}},{\"@type\":\"WebSite\",\"@id\":\"https:\/\/aydoks.com\/#website\",\"url\":\"https:\/\/aydoks.com\/\",\"name\":\"Aydoks Masa Sandalye\",\"description\":\"Masa Tak\\u0131mlar\\u0131 , Sandalye Modelleri , Dresuar Modelleri , Sehpa Modelleri , Bah\\u00e7e Tak\\u0131mlar\\u0131 Gibi Bir\\u00e7ok \\u00dcr\\u00fcn\",\"publisher\":{\"@id\":\"https:\/\/aydoks.com\/#organization\"},\"potentialAction\":[{\"@type\":\"SearchAction\",\"target\":\"https:\/\/aydoks.com\/?s={search_term_string}\",\"query-input\":\"required name=search_term_string\"}],\"inLanguage\":\"tr\"},{\"@type\":\"ImageObject\",\"@id\":\"https:\/\/aydoks.com\/?product=ahsap-iskandinav-tarz-masa-takimi#primaryimage\",\"inLanguage\":\"tr\",\"url\":\"https:\/\/aydoks.com\/wp-content\/uploads\/2026\/04\/d3efc6f5-9994-4ec5-a075-a05cabfc527c.jpeg\",\"width\":1200,\"height\":1600},{\"@type\":\"WebPage\",\"@id\":\"https:\/\/aydoks.com\/?product=ahsap-iskandinav-tarz-masa-takimi#webpage\",\"url\":\"https:\/\/aydoks.com\/?product=ahsap-iskandinav-tarz-masa-takimi\",\"name\":\"Ah\\u015fap \\u0130skandinav Tarz Masa Tak\\u0131m\\u0131 &raquo; Aydoks Masa Sandalye\",\"isPartOf\":{\"@id\":\"https:\/\/aydoks.com\/#website\"},\"primaryImageOfPage\":{\"@id\":\"https:\/\/aydoks.com\/?product=ahsap-iskandinav-tarz-masa-takimi#primaryimage\"},\"datePublished\":\"2026-04-28T17:56:58+00:00\",\"dateModified\":\"2026-04-28T18:01:10+00:00\",\"breadcrumb\":{\"@id\":\"https:\/\/aydoks.com\/?product=ahsap-iskandinav-tarz-masa-takimi#breadcrumb\"},\"inLanguage\":\"tr\",\"potentialAction\":[{\"@type\":\"ReadAction\",\"target\":[\"https:\/\/aydoks.com\/?product=ahsap-iskandinav-tarz-masa-takimi\"]}]},{\"@type\":\"BreadcrumbList\",\"@id\":\"https:\/\/aydoks.com\/?product=ahsap-iskandinav-tarz-masa-takimi#breadcrumb\",\"itemListElement\":[{\"@type\":\"ListItem\",\"position\":1,\"item\":{\"@type\":\"WebPage\",\"@id\":\"https:\/\/aydoks.com\/\",\"url\":\"https:\/\/aydoks.com\/\",\"name\":\"Anasayfa\"}},{\"@type\":\"ListItem\",\"position\":2,\"item\":{\"@type\":\"WebPage\",\"@id\":\"https:\/\/aydoks.com\/?page_id=45\",\"url\":\"https:\/\/aydoks.com\/?page_id=45\",\"name\":\"\\u00dcr\\u00fcnler\"}},{\"@type\":\"ListItem\",\"position\":3,\"item\":{\"@type\":\"WebPage\",\"@id\":\"https:\/\/aydoks.com\/?product=ahsap-iskandinav-tarz-masa-takimi\",\"url\":\"https:\/\/aydoks.com\/?product=ahsap-iskandinav-tarz-masa-takimi\",\"name\":\"Ah\\u015fap \\u0130skandinav Tarz Masa Tak\\u0131m\\u0131\"}}]}]}<\/script>\n<!-- \/ Yoast SEO Premium plugin. -->","_links":{"self":[{"href":"https:\/\/aydoks.com\/index.php?rest_route=\/wp\/v2\/product\/2707","targetHints":{"allow":["GET"]}}],"collection":[{"href":"https:\/\/aydoks.com\/index.php?rest_route=\/wp\/v2\/product"}],"about":[{"href":"https:\/\/aydoks.com\/index.php?rest_route=\/wp\/v2\/types\/product"}],"replies":[{"embeddable":true,"href":"https:\/\/aydoks.com\/index.php?rest_route=%2Fwp%2Fv2%2Fcomments&post=2707"}],"wp:featuredmedia":[{"embeddable":true,"href":"https:\/\/aydoks.com\/index.php?rest_route=\/wp\/v2\/media\/2710"}],"wp:attachment":[{"href":"https:\/\/aydoks.com\/index.php?rest_route=%2Fwp%2Fv2%2Fmedia&parent=2707"}],"wp:term":[{"taxonomy":"product_brand","embeddable":true,"href":"https:\/\/aydoks.com\/index.php?rest_route=%2Fwp%2Fv2%2Fproduct_brand&post=2707"},{"taxonomy":"product_cat","embeddable":true,"href":"https:\/\/aydoks.com\/index.php?rest_route=%2Fwp%2Fv2%2Fproduct_cat&post=2707"},{"taxonomy":"product_tag","embeddable":true,"href":"https:\/\/aydoks.com\/index.php?rest_route=%2Fwp%2Fv2%2Fproduct_tag&post=2707"}],"curies":[{"name":"wp","href":"https:\/\/api.w.org\/{rel}","templated":true}]}}