{"id":356,"date":"2021-06-10T00:47:36","date_gmt":"2021-06-09T21:47:36","guid":{"rendered":"http:\/\/aydoks.com\/?post_type=product&#038;p=356"},"modified":"2023-04-09T04:36:51","modified_gmt":"2023-04-09T01:36:51","slug":"sarmasik-sandalye","status":"publish","type":"product","link":"https:\/\/aydoks.com\/?product=sarmasik-sandalye","title":{"rendered":"\u00d6rg\u00fcl\u00fc Sarma\u015f\u0131k Sandalye"},"content":{"rendered":"","protected":false},"excerpt":{"rendered":"","protected":false},"featured_media":1821,"comment_status":"open","ping_status":"closed","template":"","meta":{"_joinchat":[]},"product_brand":[],"product_cat":[35,33],"product_tag":[50,49,42,48],"class_list":{"0":"post-356","1":"product","2":"type-product","3":"status-publish","4":"has-post-thumbnail","6":"product_cat-berjer","7":"product_cat-sandalye","8":"product_tag-berjer","9":"product_tag-orgulu-sandalye","10":"product_tag-sandalye","11":"product_tag-sarmasik-sandalye","13":"first","14":"instock","15":"sale","16":"taxable","17":"shipping-taxable","18":"purchasable","19":"product-type-simple"},"yoast_head":"<!-- This site is optimized with the Yoast SEO Premium plugin v15.0 - https:\/\/yoast.com\/wordpress\/plugins\/seo\/ -->\n<title>\u00d6rg\u00fcl\u00fc Sarma\u015f\u0131k Sandalye &raquo; Aydoks Masa Sandalye<\/title>\n<meta name=\"robots\" content=\"index, follow, max-snippet:-1, max-image-preview:large, max-video-preview:-1\" \/>\n<link rel=\"canonical\" href=\"https:\/\/aydoks.com\/?product=sarmasik-sandalye\" \/>\n<meta property=\"og:locale\" content=\"tr_TR\" \/>\n<meta property=\"og:type\" content=\"article\" \/>\n<meta property=\"og:title\" content=\"\u00d6rg\u00fcl\u00fc Sarma\u015f\u0131k Sandalye &raquo; Aydoks Masa Sandalye\" \/>\n<meta property=\"og:url\" content=\"https:\/\/aydoks.com\/?product=sarmasik-sandalye\" \/>\n<meta property=\"og:site_name\" content=\"Aydoks Masa Sandalye\" \/>\n<meta property=\"article:publisher\" content=\"https:\/\/www.facebook.com\/aydoksmasasandalye\/?ref=pages_you_manage\" \/>\n<meta property=\"article:modified_time\" content=\"2023-04-09T01:36:51+00:00\" \/>\n<meta property=\"og:image\" content=\"https:\/\/aydoks.com\/wp-content\/uploads\/2021\/06\/824B5F66-DC17-45C3-B9BC-5352902C093F.jpeg\" \/>\n\t<meta property=\"og:image:width\" content=\"1440\" \/>\n\t<meta property=\"og:image:height\" content=\"1920\" \/>\n<meta name=\"twitter:card\" content=\"summary_large_image\" \/>\n<script type=\"application\/ld+json\" class=\"yoast-schema-graph\">{\"@context\":\"https:\/\/schema.org\",\"@graph\":[{\"@type\":\"Organization\",\"@id\":\"https:\/\/aydoks.com\/#organization\",\"name\":\"Aydoks\",\"url\":\"https:\/\/aydoks.com\/\",\"sameAs\":[\"https:\/\/www.facebook.com\/aydoksmasasandalye\/?ref=pages_you_manage\",\"https:\/\/www.instagram.com\/aydoks\/\"],\"logo\":{\"@type\":\"ImageObject\",\"@id\":\"https:\/\/aydoks.com\/#logo\",\"inLanguage\":\"tr\",\"url\":\"https:\/\/aydoks.com\/wp-content\/uploads\/2021\/06\/cropped-ayd.png\",\"width\":512,\"height\":512,\"caption\":\"Aydoks\"},\"image\":{\"@id\":\"https:\/\/aydoks.com\/#logo\"}},{\"@type\":\"WebSite\",\"@id\":\"https:\/\/aydoks.com\/#website\",\"url\":\"https:\/\/aydoks.com\/\",\"name\":\"Aydoks Masa Sandalye\",\"description\":\"Masa Tak\\u0131mlar\\u0131 , Sandalye Modelleri , Dresuar Modelleri , Sehpa Modelleri , Bah\\u00e7e Tak\\u0131mlar\\u0131 Gibi Bir\\u00e7ok \\u00dcr\\u00fcn\",\"publisher\":{\"@id\":\"https:\/\/aydoks.com\/#organization\"},\"potentialAction\":[{\"@type\":\"SearchAction\",\"target\":\"https:\/\/aydoks.com\/?s={search_term_string}\",\"query-input\":\"required name=search_term_string\"}],\"inLanguage\":\"tr\"},{\"@type\":\"ImageObject\",\"@id\":\"https:\/\/aydoks.com\/?product=sarmasik-sandalye#primaryimage\",\"inLanguage\":\"tr\",\"url\":\"https:\/\/aydoks.com\/wp-content\/uploads\/2021\/06\/824B5F66-DC17-45C3-B9BC-5352902C093F.jpeg\",\"width\":1440,\"height\":1920},{\"@type\":\"WebPage\",\"@id\":\"https:\/\/aydoks.com\/?product=sarmasik-sandalye#webpage\",\"url\":\"https:\/\/aydoks.com\/?product=sarmasik-sandalye\",\"name\":\"\\u00d6rg\\u00fcl\\u00fc Sarma\\u015f\\u0131k Sandalye &raquo; Aydoks Masa Sandalye\",\"isPartOf\":{\"@id\":\"https:\/\/aydoks.com\/#website\"},\"primaryImageOfPage\":{\"@id\":\"https:\/\/aydoks.com\/?product=sarmasik-sandalye#primaryimage\"},\"datePublished\":\"2021-06-09T21:47:36+00:00\",\"dateModified\":\"2023-04-09T01:36:51+00:00\",\"breadcrumb\":{\"@id\":\"https:\/\/aydoks.com\/?product=sarmasik-sandalye#breadcrumb\"},\"inLanguage\":\"tr\",\"potentialAction\":[{\"@type\":\"ReadAction\",\"target\":[\"https:\/\/aydoks.com\/?product=sarmasik-sandalye\"]}]},{\"@type\":\"BreadcrumbList\",\"@id\":\"https:\/\/aydoks.com\/?product=sarmasik-sandalye#breadcrumb\",\"itemListElement\":[{\"@type\":\"ListItem\",\"position\":1,\"item\":{\"@type\":\"WebPage\",\"@id\":\"https:\/\/aydoks.com\/\",\"url\":\"https:\/\/aydoks.com\/\",\"name\":\"Anasayfa\"}},{\"@type\":\"ListItem\",\"position\":2,\"item\":{\"@type\":\"WebPage\",\"@id\":\"https:\/\/aydoks.com\/?page_id=45\",\"url\":\"https:\/\/aydoks.com\/?page_id=45\",\"name\":\"\\u00dcr\\u00fcnler\"}},{\"@type\":\"ListItem\",\"position\":3,\"item\":{\"@type\":\"WebPage\",\"@id\":\"https:\/\/aydoks.com\/?product=sarmasik-sandalye\",\"url\":\"https:\/\/aydoks.com\/?product=sarmasik-sandalye\",\"name\":\"\\u00d6rg\\u00fcl\\u00fc Sarma\\u015f\\u0131k Sandalye\"}}]}]}<\/script>\n<!-- \/ Yoast SEO Premium plugin. -->","_links":{"self":[{"href":"https:\/\/aydoks.com\/index.php?rest_route=\/wp\/v2\/product\/356","targetHints":{"allow":["GET"]}}],"collection":[{"href":"https:\/\/aydoks.com\/index.php?rest_route=\/wp\/v2\/product"}],"about":[{"href":"https:\/\/aydoks.com\/index.php?rest_route=\/wp\/v2\/types\/product"}],"replies":[{"embeddable":true,"href":"https:\/\/aydoks.com\/index.php?rest_route=%2Fwp%2Fv2%2Fcomments&post=356"}],"wp:featuredmedia":[{"embeddable":true,"href":"https:\/\/aydoks.com\/index.php?rest_route=\/wp\/v2\/media\/1821"}],"wp:attachment":[{"href":"https:\/\/aydoks.com\/index.php?rest_route=%2Fwp%2Fv2%2Fmedia&parent=356"}],"wp:term":[{"taxonomy":"product_brand","embeddable":true,"href":"https:\/\/aydoks.com\/index.php?rest_route=%2Fwp%2Fv2%2Fproduct_brand&post=356"},{"taxonomy":"product_cat","embeddable":true,"href":"https:\/\/aydoks.com\/index.php?rest_route=%2Fwp%2Fv2%2Fproduct_cat&post=356"},{"taxonomy":"product_tag","embeddable":true,"href":"https:\/\/aydoks.com\/index.php?rest_route=%2Fwp%2Fv2%2Fproduct_tag&post=356"}],"curies":[{"name":"wp","href":"https:\/\/api.w.org\/{rel}","templated":true}]}}