{"id":622,"date":"2021-06-12T08:37:44","date_gmt":"2021-06-12T05:37:44","guid":{"rendered":"http:\/\/aydoks.com\/?post_type=product&#038;p=622"},"modified":"2021-06-12T08:37:45","modified_gmt":"2021-06-12T05:37:45","slug":"masa-takimi-yemek-masasi","status":"publish","type":"product","link":"https:\/\/aydoks.com\/?product=masa-takimi-yemek-masasi","title":{"rendered":"Masa Tak\u0131m\u0131 Yemek Masas\u0131"},"content":{"rendered":"","protected":false},"excerpt":{"rendered":"","protected":false},"featured_media":623,"comment_status":"open","ping_status":"closed","template":"","meta":{"_joinchat":[]},"product_brand":[],"product_cat":[43,32],"product_tag":[46,44,42,73],"class_list":{"0":"post-622","1":"product","2":"type-product","3":"status-publish","4":"has-post-thumbnail","6":"product_cat-masa-takimi","7":"product_cat-set-urunler","8":"product_tag-masa","9":"product_tag-masa-takimi","10":"product_tag-sandalye","11":"product_tag-yemek-masasi","13":"first","14":"instock","15":"taxable","16":"shipping-taxable","17":"product-type-simple"},"yoast_head":"<!-- This site is optimized with the Yoast SEO Premium plugin v15.0 - https:\/\/yoast.com\/wordpress\/plugins\/seo\/ -->\n<title>Masa Tak\u0131m\u0131 Yemek Masas\u0131 &raquo; Aydoks Masa Sandalye<\/title>\n<meta name=\"robots\" content=\"index, follow, max-snippet:-1, max-image-preview:large, max-video-preview:-1\" \/>\n<link rel=\"canonical\" href=\"https:\/\/aydoks.com\/?product=masa-takimi-yemek-masasi\" \/>\n<meta property=\"og:locale\" content=\"tr_TR\" \/>\n<meta property=\"og:type\" content=\"article\" \/>\n<meta property=\"og:title\" content=\"Masa Tak\u0131m\u0131 Yemek Masas\u0131 &raquo; Aydoks Masa Sandalye\" \/>\n<meta property=\"og:url\" content=\"https:\/\/aydoks.com\/?product=masa-takimi-yemek-masasi\" \/>\n<meta property=\"og:site_name\" content=\"Aydoks Masa Sandalye\" \/>\n<meta property=\"article:publisher\" content=\"https:\/\/www.facebook.com\/aydoksmasasandalye\/?ref=pages_you_manage\" \/>\n<meta property=\"article:modified_time\" content=\"2021-06-12T05:37:45+00:00\" \/>\n<meta property=\"og:image\" content=\"https:\/\/aydoks.com\/wp-content\/uploads\/2021\/06\/0136A809-ACCA-4706-B0FD-433925A0F1BE-scaled.jpeg\" \/>\n\t<meta property=\"og:image:width\" content=\"2560\" \/>\n\t<meta property=\"og:image:height\" content=\"1920\" \/>\n<meta name=\"twitter:card\" content=\"summary_large_image\" \/>\n<script type=\"application\/ld+json\" class=\"yoast-schema-graph\">{\"@context\":\"https:\/\/schema.org\",\"@graph\":[{\"@type\":\"Organization\",\"@id\":\"https:\/\/aydoks.com\/#organization\",\"name\":\"Aydoks\",\"url\":\"https:\/\/aydoks.com\/\",\"sameAs\":[\"https:\/\/www.facebook.com\/aydoksmasasandalye\/?ref=pages_you_manage\",\"https:\/\/www.instagram.com\/aydoks\/\"],\"logo\":{\"@type\":\"ImageObject\",\"@id\":\"https:\/\/aydoks.com\/#logo\",\"inLanguage\":\"tr\",\"url\":\"https:\/\/aydoks.com\/wp-content\/uploads\/2021\/06\/cropped-ayd.png\",\"width\":512,\"height\":512,\"caption\":\"Aydoks\"},\"image\":{\"@id\":\"https:\/\/aydoks.com\/#logo\"}},{\"@type\":\"WebSite\",\"@id\":\"https:\/\/aydoks.com\/#website\",\"url\":\"https:\/\/aydoks.com\/\",\"name\":\"Aydoks Masa Sandalye\",\"description\":\"Masa Tak\\u0131mlar\\u0131 , Sandalye Modelleri , Dresuar Modelleri , Sehpa Modelleri , Bah\\u00e7e Tak\\u0131mlar\\u0131 Gibi Bir\\u00e7ok \\u00dcr\\u00fcn\",\"publisher\":{\"@id\":\"https:\/\/aydoks.com\/#organization\"},\"potentialAction\":[{\"@type\":\"SearchAction\",\"target\":\"https:\/\/aydoks.com\/?s={search_term_string}\",\"query-input\":\"required name=search_term_string\"}],\"inLanguage\":\"tr\"},{\"@type\":\"ImageObject\",\"@id\":\"https:\/\/aydoks.com\/?product=masa-takimi-yemek-masasi#primaryimage\",\"inLanguage\":\"tr\",\"url\":\"https:\/\/aydoks.com\/wp-content\/uploads\/2021\/06\/0136A809-ACCA-4706-B0FD-433925A0F1BE-scaled.jpeg\",\"width\":2560,\"height\":1920},{\"@type\":\"WebPage\",\"@id\":\"https:\/\/aydoks.com\/?product=masa-takimi-yemek-masasi#webpage\",\"url\":\"https:\/\/aydoks.com\/?product=masa-takimi-yemek-masasi\",\"name\":\"Masa Tak\\u0131m\\u0131 Yemek Masas\\u0131 &raquo; Aydoks Masa Sandalye\",\"isPartOf\":{\"@id\":\"https:\/\/aydoks.com\/#website\"},\"primaryImageOfPage\":{\"@id\":\"https:\/\/aydoks.com\/?product=masa-takimi-yemek-masasi#primaryimage\"},\"datePublished\":\"2021-06-12T05:37:44+00:00\",\"dateModified\":\"2021-06-12T05:37:45+00:00\",\"breadcrumb\":{\"@id\":\"https:\/\/aydoks.com\/?product=masa-takimi-yemek-masasi#breadcrumb\"},\"inLanguage\":\"tr\",\"potentialAction\":[{\"@type\":\"ReadAction\",\"target\":[\"https:\/\/aydoks.com\/?product=masa-takimi-yemek-masasi\"]}]},{\"@type\":\"BreadcrumbList\",\"@id\":\"https:\/\/aydoks.com\/?product=masa-takimi-yemek-masasi#breadcrumb\",\"itemListElement\":[{\"@type\":\"ListItem\",\"position\":1,\"item\":{\"@type\":\"WebPage\",\"@id\":\"https:\/\/aydoks.com\/\",\"url\":\"https:\/\/aydoks.com\/\",\"name\":\"Anasayfa\"}},{\"@type\":\"ListItem\",\"position\":2,\"item\":{\"@type\":\"WebPage\",\"@id\":\"https:\/\/aydoks.com\/?page_id=45\",\"url\":\"https:\/\/aydoks.com\/?page_id=45\",\"name\":\"\\u00dcr\\u00fcnler\"}},{\"@type\":\"ListItem\",\"position\":3,\"item\":{\"@type\":\"WebPage\",\"@id\":\"https:\/\/aydoks.com\/?product=masa-takimi-yemek-masasi\",\"url\":\"https:\/\/aydoks.com\/?product=masa-takimi-yemek-masasi\",\"name\":\"Masa Tak\\u0131m\\u0131 Yemek Masas\\u0131\"}}]}]}<\/script>\n<!-- \/ Yoast SEO Premium plugin. -->","_links":{"self":[{"href":"https:\/\/aydoks.com\/index.php?rest_route=\/wp\/v2\/product\/622","targetHints":{"allow":["GET"]}}],"collection":[{"href":"https:\/\/aydoks.com\/index.php?rest_route=\/wp\/v2\/product"}],"about":[{"href":"https:\/\/aydoks.com\/index.php?rest_route=\/wp\/v2\/types\/product"}],"replies":[{"embeddable":true,"href":"https:\/\/aydoks.com\/index.php?rest_route=%2Fwp%2Fv2%2Fcomments&post=622"}],"wp:featuredmedia":[{"embeddable":true,"href":"https:\/\/aydoks.com\/index.php?rest_route=\/wp\/v2\/media\/623"}],"wp:attachment":[{"href":"https:\/\/aydoks.com\/index.php?rest_route=%2Fwp%2Fv2%2Fmedia&parent=622"}],"wp:term":[{"taxonomy":"product_brand","embeddable":true,"href":"https:\/\/aydoks.com\/index.php?rest_route=%2Fwp%2Fv2%2Fproduct_brand&post=622"},{"taxonomy":"product_cat","embeddable":true,"href":"https:\/\/aydoks.com\/index.php?rest_route=%2Fwp%2Fv2%2Fproduct_cat&post=622"},{"taxonomy":"product_tag","embeddable":true,"href":"https:\/\/aydoks.com\/index.php?rest_route=%2Fwp%2Fv2%2Fproduct_tag&post=622"}],"curies":[{"name":"wp","href":"https:\/\/api.w.org\/{rel}","templated":true}]}}