{"id":787,"date":"2021-06-14T08:34:15","date_gmt":"2021-06-14T05:34:15","guid":{"rendered":"http:\/\/aydoks.com\/?post_type=product&#038;p=787"},"modified":"2024-02-26T14:04:58","modified_gmt":"2024-02-26T11:04:58","slug":"epoksi-ceviz-masa-takimi-tek-parca-kutuk-ceviz","status":"publish","type":"product","link":"https:\/\/aydoks.com\/?product=epoksi-ceviz-masa-takimi-tek-parca-kutuk-ceviz","title":{"rendered":"Epoksi Ceviz Masa Tak\u0131m\u0131 Tek Par\u00e7a K\u00fct\u00fck Ceviz"},"content":{"rendered":"","protected":false},"excerpt":{"rendered":"","protected":false},"featured_media":788,"comment_status":"open","ping_status":"closed","template":"","meta":{"_joinchat":[]},"product_brand":[],"product_cat":[43,32],"product_tag":[107,77,109,106,110,108],"class_list":{"0":"post-787","1":"product","2":"type-product","3":"status-publish","4":"has-post-thumbnail","6":"product_cat-masa-takimi","7":"product_cat-set-urunler","8":"product_tag-ceviz-kutuk-masa","9":"product_tag-ceviz-masa","10":"product_tag-ceviz-masa-takimi","11":"product_tag-epoksi-masa","12":"product_tag-epoksi-masa-takimi","13":"product_tag-tek-parca-ceviz-masa","15":"first","16":"instock","17":"taxable","18":"shipping-taxable","19":"product-type-simple"},"yoast_head":"<!-- This site is optimized with the Yoast SEO Premium plugin v15.0 - https:\/\/yoast.com\/wordpress\/plugins\/seo\/ -->\n<title>Epoksi Ceviz Masa Tak\u0131m\u0131 Tek Par\u00e7a K\u00fct\u00fck Ceviz &raquo; Aydoks Masa Sandalye<\/title>\n<meta name=\"robots\" content=\"index, follow, max-snippet:-1, max-image-preview:large, max-video-preview:-1\" \/>\n<link rel=\"canonical\" href=\"https:\/\/aydoks.com\/?product=epoksi-ceviz-masa-takimi-tek-parca-kutuk-ceviz\" \/>\n<meta property=\"og:locale\" content=\"tr_TR\" \/>\n<meta property=\"og:type\" content=\"article\" \/>\n<meta property=\"og:title\" content=\"Epoksi Ceviz Masa Tak\u0131m\u0131 Tek Par\u00e7a K\u00fct\u00fck Ceviz &raquo; Aydoks Masa Sandalye\" \/>\n<meta property=\"og:url\" content=\"https:\/\/aydoks.com\/?product=epoksi-ceviz-masa-takimi-tek-parca-kutuk-ceviz\" \/>\n<meta property=\"og:site_name\" content=\"Aydoks Masa Sandalye\" \/>\n<meta property=\"article:publisher\" content=\"https:\/\/www.facebook.com\/aydoksmasasandalye\/?ref=pages_you_manage\" \/>\n<meta property=\"article:modified_time\" content=\"2024-02-26T11:04:58+00:00\" \/>\n<meta property=\"og:image\" content=\"https:\/\/aydoks.com\/wp-content\/uploads\/2021\/06\/C6B55E53-443B-4EEA-A2A0-171E9B6B0A4B-scaled.jpeg\" \/>\n\t<meta property=\"og:image:width\" content=\"2248\" \/>\n\t<meta property=\"og:image:height\" content=\"2560\" \/>\n<meta name=\"twitter:card\" content=\"summary_large_image\" \/>\n<script type=\"application\/ld+json\" class=\"yoast-schema-graph\">{\"@context\":\"https:\/\/schema.org\",\"@graph\":[{\"@type\":\"Organization\",\"@id\":\"https:\/\/aydoks.com\/#organization\",\"name\":\"Aydoks\",\"url\":\"https:\/\/aydoks.com\/\",\"sameAs\":[\"https:\/\/www.facebook.com\/aydoksmasasandalye\/?ref=pages_you_manage\",\"https:\/\/www.instagram.com\/aydoks\/\"],\"logo\":{\"@type\":\"ImageObject\",\"@id\":\"https:\/\/aydoks.com\/#logo\",\"inLanguage\":\"tr\",\"url\":\"https:\/\/aydoks.com\/wp-content\/uploads\/2021\/06\/cropped-ayd.png\",\"width\":512,\"height\":512,\"caption\":\"Aydoks\"},\"image\":{\"@id\":\"https:\/\/aydoks.com\/#logo\"}},{\"@type\":\"WebSite\",\"@id\":\"https:\/\/aydoks.com\/#website\",\"url\":\"https:\/\/aydoks.com\/\",\"name\":\"Aydoks Masa Sandalye\",\"description\":\"Masa Tak\\u0131mlar\\u0131 , Sandalye Modelleri , Dresuar Modelleri , Sehpa Modelleri , Bah\\u00e7e Tak\\u0131mlar\\u0131 Gibi Bir\\u00e7ok \\u00dcr\\u00fcn\",\"publisher\":{\"@id\":\"https:\/\/aydoks.com\/#organization\"},\"potentialAction\":[{\"@type\":\"SearchAction\",\"target\":\"https:\/\/aydoks.com\/?s={search_term_string}\",\"query-input\":\"required name=search_term_string\"}],\"inLanguage\":\"tr\"},{\"@type\":\"ImageObject\",\"@id\":\"https:\/\/aydoks.com\/?product=epoksi-ceviz-masa-takimi-tek-parca-kutuk-ceviz#primaryimage\",\"inLanguage\":\"tr\",\"url\":\"https:\/\/aydoks.com\/wp-content\/uploads\/2021\/06\/C6B55E53-443B-4EEA-A2A0-171E9B6B0A4B-scaled.jpeg\",\"width\":2248,\"height\":2560},{\"@type\":\"WebPage\",\"@id\":\"https:\/\/aydoks.com\/?product=epoksi-ceviz-masa-takimi-tek-parca-kutuk-ceviz#webpage\",\"url\":\"https:\/\/aydoks.com\/?product=epoksi-ceviz-masa-takimi-tek-parca-kutuk-ceviz\",\"name\":\"Epoksi Ceviz Masa Tak\\u0131m\\u0131 Tek Par\\u00e7a K\\u00fct\\u00fck Ceviz &raquo; Aydoks Masa Sandalye\",\"isPartOf\":{\"@id\":\"https:\/\/aydoks.com\/#website\"},\"primaryImageOfPage\":{\"@id\":\"https:\/\/aydoks.com\/?product=epoksi-ceviz-masa-takimi-tek-parca-kutuk-ceviz#primaryimage\"},\"datePublished\":\"2021-06-14T05:34:15+00:00\",\"dateModified\":\"2024-02-26T11:04:58+00:00\",\"breadcrumb\":{\"@id\":\"https:\/\/aydoks.com\/?product=epoksi-ceviz-masa-takimi-tek-parca-kutuk-ceviz#breadcrumb\"},\"inLanguage\":\"tr\",\"potentialAction\":[{\"@type\":\"ReadAction\",\"target\":[\"https:\/\/aydoks.com\/?product=epoksi-ceviz-masa-takimi-tek-parca-kutuk-ceviz\"]}]},{\"@type\":\"BreadcrumbList\",\"@id\":\"https:\/\/aydoks.com\/?product=epoksi-ceviz-masa-takimi-tek-parca-kutuk-ceviz#breadcrumb\",\"itemListElement\":[{\"@type\":\"ListItem\",\"position\":1,\"item\":{\"@type\":\"WebPage\",\"@id\":\"https:\/\/aydoks.com\/\",\"url\":\"https:\/\/aydoks.com\/\",\"name\":\"Anasayfa\"}},{\"@type\":\"ListItem\",\"position\":2,\"item\":{\"@type\":\"WebPage\",\"@id\":\"https:\/\/aydoks.com\/?page_id=45\",\"url\":\"https:\/\/aydoks.com\/?page_id=45\",\"name\":\"\\u00dcr\\u00fcnler\"}},{\"@type\":\"ListItem\",\"position\":3,\"item\":{\"@type\":\"WebPage\",\"@id\":\"https:\/\/aydoks.com\/?product=epoksi-ceviz-masa-takimi-tek-parca-kutuk-ceviz\",\"url\":\"https:\/\/aydoks.com\/?product=epoksi-ceviz-masa-takimi-tek-parca-kutuk-ceviz\",\"name\":\"Epoksi Ceviz Masa Tak\\u0131m\\u0131 Tek Par\\u00e7a K\\u00fct\\u00fck Ceviz\"}}]}]}<\/script>\n<!-- \/ Yoast SEO Premium plugin. -->","_links":{"self":[{"href":"https:\/\/aydoks.com\/index.php?rest_route=\/wp\/v2\/product\/787","targetHints":{"allow":["GET"]}}],"collection":[{"href":"https:\/\/aydoks.com\/index.php?rest_route=\/wp\/v2\/product"}],"about":[{"href":"https:\/\/aydoks.com\/index.php?rest_route=\/wp\/v2\/types\/product"}],"replies":[{"embeddable":true,"href":"https:\/\/aydoks.com\/index.php?rest_route=%2Fwp%2Fv2%2Fcomments&post=787"}],"wp:featuredmedia":[{"embeddable":true,"href":"https:\/\/aydoks.com\/index.php?rest_route=\/wp\/v2\/media\/788"}],"wp:attachment":[{"href":"https:\/\/aydoks.com\/index.php?rest_route=%2Fwp%2Fv2%2Fmedia&parent=787"}],"wp:term":[{"taxonomy":"product_brand","embeddable":true,"href":"https:\/\/aydoks.com\/index.php?rest_route=%2Fwp%2Fv2%2Fproduct_brand&post=787"},{"taxonomy":"product_cat","embeddable":true,"href":"https:\/\/aydoks.com\/index.php?rest_route=%2Fwp%2Fv2%2Fproduct_cat&post=787"},{"taxonomy":"product_tag","embeddable":true,"href":"https:\/\/aydoks.com\/index.php?rest_route=%2Fwp%2Fv2%2Fproduct_tag&post=787"}],"curies":[{"name":"wp","href":"https:\/\/api.w.org\/{rel}","templated":true}]}}